{"id":379,"date":"2023-10-26T15:09:19","date_gmt":"2023-10-26T13:09:19","guid":{"rendered":"http:\/\/lililalaland.de\/?page_id=379"},"modified":"2023-10-30T14:34:54","modified_gmt":"2023-10-30T13:34:54","slug":"der-ort","status":"publish","type":"page","link":"https:\/\/lililalaland.de\/en\/der-ort\/","title":{"rendered":"Location"},"content":{"rendered":"<div data-elementor-type=\"wp-page\" data-elementor-id=\"379\" class=\"elementor elementor-379\" data-elementor-post-type=\"page\">\n\t\t\t\t<div class=\"elementor-element elementor-element-3ed9b99 e-con-full e-flex e-con e-parent\" data-id=\"3ed9b99\" data-element_type=\"container\">\n\t\t\t\t<div class=\"elementor-element elementor-element-54875b3 elementor-widget elementor-widget-heading\" data-id=\"54875b3\" data-element_type=\"widget\" data-widget_type=\"heading.default\">\n\t\t\t\t<div class=\"elementor-widget-container\">\n\t\t\t\t\t<h2 class=\"elementor-heading-title elementor-size-default\">LOCATION<\/h2>\t\t\t\t<\/div>\n\t\t\t\t<\/div>\n\t\t\t\t<div class=\"elementor-element elementor-element-c414237 elementor-widget elementor-widget-text-editor\" data-id=\"c414237\" data-element_type=\"widget\" data-widget_type=\"text-editor.default\">\n\t\t\t\t<div class=\"elementor-widget-container\">\n\t\t\t\t\t\t\t\t\t<p><span style=\"color: #e6007e;\">Eisenach power station\u00a0<\/span><\/p>\t\t\t\t\t\t\t\t<\/div>\n\t\t\t\t<\/div>\n\t\t\t\t<div class=\"elementor-element elementor-element-7b4a6ab elementor-widget elementor-widget-text-editor\" data-id=\"7b4a6ab\" data-element_type=\"widget\" data-widget_type=\"text-editor.default\">\n\t\t\t\t<div class=\"elementor-widget-container\">\n\t\t\t\t\t\t\t\t\t<p>After attending the 2nd Cultural Forum of Wartburgkreis in Eisenach, the former power plant on Uferstra\u00dfe was identified as a suitable location for the exhibition \"Lililalaland\". The E-Werk, a historic industrial building, was constructed in 1904 and originally served as a power plant to supply electricity to the city. Today, it is used as a venue for cultural events.&nbsp;<\/p>\t\t\t\t\t\t\t\t<\/div>\n\t\t\t\t<\/div>\n\t\t\t\t<\/div>\n\t\t<div class=\"elementor-element elementor-element-30042a5 e-con-full e-flex e-con e-parent\" data-id=\"30042a5\" data-element_type=\"container\">\n\t\t<div class=\"elementor-element elementor-element-96d8b7d e-con-full e-flex e-con e-child\" data-id=\"96d8b7d\" data-element_type=\"container\">\n\t\t\t\t<div class=\"elementor-element elementor-element-e0db6a8 elementor-widget elementor-widget-image\" data-id=\"e0db6a8\" data-element_type=\"widget\" data-widget_type=\"image.default\">\n\t\t\t\t<div class=\"elementor-widget-container\">\n\t\t\t\t\t\t\t\t\t\t\t\t\t\t\t<img fetchpriority=\"high\" decoding=\"async\" width=\"709\" height=\"531\" src=\"https:\/\/lililalaland.de\/wp-content\/uploads\/2023\/10\/INDEX_Werk_Karrrussel-jpg.webp\" class=\"attachment-large size-large wp-image-374\" alt=\"\" srcset=\"https:\/\/lililalaland.de\/wp-content\/uploads\/2023\/10\/INDEX_Werk_Karrrussel-jpg.webp 709w, https:\/\/lililalaland.de\/wp-content\/uploads\/2023\/10\/INDEX_Werk_Karrrussel-300x225.webp 300w, https:\/\/lililalaland.de\/wp-content\/uploads\/2023\/10\/INDEX_Werk_Karrrussel-16x12.webp 16w\" sizes=\"(max-width: 709px) 100vw, 709px\" \/>\t\t\t\t\t\t\t\t\t\t\t\t\t\t\t<\/div>\n\t\t\t\t<\/div>\n\t\t\t\t<\/div>\n\t\t<div class=\"elementor-element elementor-element-0d167ef e-con-full e-flex e-con e-child\" data-id=\"0d167ef\" data-element_type=\"container\">\n\t\t\t\t<div class=\"elementor-element elementor-element-daa7366 elementor-widget elementor-widget-text-editor\" data-id=\"daa7366\" data-element_type=\"widget\" data-widget_type=\"text-editor.default\">\n\t\t\t\t<div class=\"elementor-widget-container\">\n\t\t\t\t\t\t\t\t\t<p>The impressive architecture and industrial charm of E-Werk provide a unique backdrop for the showcased works. The exhibition takes place in a historical venue, creating a special atmosphere and enriching the exhibition with a unique flair.\u00a0<\/p>\t\t\t\t\t\t\t\t<\/div>\n\t\t\t\t<\/div>\n\t\t\t\t<\/div>\n\t\t\t\t<\/div>\n\t\t\t\t<\/div>","protected":false},"excerpt":{"rendered":"<p>DER ORT Eisenacher E-Werk\u00a0 Nach dem Besuch des 2. Kulturforums des Wartburgkreises in Eisenach stellte sich das alte Elektrizit\u00e4tswerk in der Uferstra\u00dfe als geeigneter Ort f\u00fcr die Ausstellung &#8222;Lililalaland&#8220; heraus. Das E-Werk, ein historisches Industriegeb\u00e4ude, wurde im Jahr 1904 erbaut und diente urspr\u00fcnglich als Elektrizit\u00e4tswerk zur Stromversorgung der Stadt. Heute wird es als Veranstaltungsort f\u00fcr [&hellip;]<\/p>","protected":false},"author":1,"featured_media":0,"parent":0,"menu_order":0,"comment_status":"closed","ping_status":"closed","template":"","meta":{"footnotes":""},"class_list":["post-379","page","type-page","status-publish","hentry"],"_links":{"self":[{"href":"https:\/\/lililalaland.de\/en\/wp-json\/wp\/v2\/pages\/379","targetHints":{"allow":["GET"]}}],"collection":[{"href":"https:\/\/lililalaland.de\/en\/wp-json\/wp\/v2\/pages"}],"about":[{"href":"https:\/\/lililalaland.de\/en\/wp-json\/wp\/v2\/types\/page"}],"author":[{"embeddable":true,"href":"https:\/\/lililalaland.de\/en\/wp-json\/wp\/v2\/users\/1"}],"replies":[{"embeddable":true,"href":"https:\/\/lililalaland.de\/en\/wp-json\/wp\/v2\/comments?post=379"}],"version-history":[{"count":19,"href":"https:\/\/lililalaland.de\/en\/wp-json\/wp\/v2\/pages\/379\/revisions"}],"predecessor-version":[{"id":596,"href":"https:\/\/lililalaland.de\/en\/wp-json\/wp\/v2\/pages\/379\/revisions\/596"}],"wp:attachment":[{"href":"https:\/\/lililalaland.de\/en\/wp-json\/wp\/v2\/media?parent=379"}],"curies":[{"name":"wp","href":"https:\/\/api.w.org\/{rel}","templated":true}]}}