{"id":222,"date":"2023-10-24T15:28:14","date_gmt":"2023-10-24T13:28:14","guid":{"rendered":"http:\/\/lililalaland.de\/?page_id=222"},"modified":"2024-08-20T11:28:20","modified_gmt":"2024-08-20T09:28:20","slug":"save-the-date","status":"publish","type":"page","link":"https:\/\/lililalaland.de\/en\/save-the-date\/","title":{"rendered":"Save the Date"},"content":{"rendered":"<div data-elementor-type=\"wp-page\" data-elementor-id=\"222\" class=\"elementor elementor-222\" data-elementor-post-type=\"page\">\n\t\t\t\t<div class=\"elementor-element elementor-element-87614ac e-con-full e-flex e-con e-parent\" data-id=\"87614ac\" data-element_type=\"container\">\n\t\t\t\t<div class=\"elementor-element elementor-element-a5e62f8 elementor-widget elementor-widget-heading\" data-id=\"a5e62f8\" data-element_type=\"widget\" data-widget_type=\"heading.default\">\n\t\t\t\t<div class=\"elementor-widget-container\">\n\t\t\t\t\t<h2 class=\"elementor-heading-title elementor-size-default\">SAVE THE DATE<\/h2>\t\t\t\t<\/div>\n\t\t\t\t<\/div>\n\t\t\t\t<\/div>\n\t\t<div class=\"elementor-element elementor-element-f509424 e-con-full e-flex e-con e-parent\" data-id=\"f509424\" data-element_type=\"container\">\n\t\t<div class=\"elementor-element elementor-element-a0d3970 e-con-full e-flex e-con e-child\" data-id=\"a0d3970\" data-element_type=\"container\">\n\t\t\t\t<div class=\"elementor-element elementor-element-3b5baed elementor-widget elementor-widget-text-editor\" data-id=\"3b5baed\" data-element_type=\"widget\" data-widget_type=\"text-editor.default\">\n\t\t\t\t<div class=\"elementor-widget-container\">\n\t\t\t\t\t\t\t\t\t<p><span style=\"color: #e6007e;\">EXHIBITION LILILALALAND<\/span><\/p><p>FR August 16 \u2013 SUN Sep 22, 2024\u00a0<\/p><p>Opening hours: THU \u2013 SUN | 10 am \u2013 6 pm\u00a0<br \/>E-Werk, Uferstra\u00dfe 34, 99817 Eisenach<br \/>Free admission.<\/p><p>\u00a0<\/p><p><span style=\"color: #e6007e;\">OPENING\u00a0<\/span><\/p><p>Dikla Stern from Berlin, Artist<br \/>THU August 15, 2024 | 6 pm<\/p><p>Followed by a guided tour of the exhibition with curator and artist<br \/>E-Werk, Uferstra\u00dfe 34, 99817 Eisenach<br \/>Free admission.\u00a0<\/p>\t\t\t\t\t\t\t\t<\/div>\n\t\t\t\t<\/div>\n\t\t\t\t<\/div>\n\t\t<div class=\"elementor-element elementor-element-e1125cf e-con-full e-flex e-con e-child\" data-id=\"e1125cf\" data-element_type=\"container\">\n\t\t\t\t<div class=\"elementor-element elementor-element-c3f2203 elementor-widget elementor-widget-image\" data-id=\"c3f2203\" data-element_type=\"widget\" data-widget_type=\"image.default\">\n\t\t\t\t<div class=\"elementor-widget-container\">\n\t\t\t\t\t\t\t\t\t\t\t\t\t\t\t<img fetchpriority=\"high\" decoding=\"async\" width=\"709\" height=\"531\" src=\"https:\/\/lililalaland.de\/wp-content\/uploads\/2023\/10\/WEB-LLL-Index_-jpg.webp\" class=\"attachment-large size-large wp-image-375\" alt=\"\" srcset=\"https:\/\/lililalaland.de\/wp-content\/uploads\/2023\/10\/WEB-LLL-Index_-jpg.webp 709w, https:\/\/lililalaland.de\/wp-content\/uploads\/2023\/10\/WEB-LLL-Index_-300x225.webp 300w, https:\/\/lililalaland.de\/wp-content\/uploads\/2023\/10\/WEB-LLL-Index_-16x12.webp 16w\" sizes=\"(max-width: 709px) 100vw, 709px\" \/>\t\t\t\t\t\t\t\t\t\t\t\t\t\t\t<\/div>\n\t\t\t\t<\/div>\n\t\t\t\t<\/div>\n\t\t\t\t<\/div>\n\t\t<div class=\"elementor-element elementor-element-b661fdc e-con-full e-flex e-con e-parent\" data-id=\"b661fdc\" data-element_type=\"container\">\n\t\t<div class=\"elementor-element elementor-element-a009bc4 e-con-full e-flex e-con e-child\" data-id=\"a009bc4\" data-element_type=\"container\">\n\t\t\t\t<div class=\"elementor-element elementor-element-a9a2bb7 elementor-widget elementor-widget-text-editor\" data-id=\"a9a2bb7\" data-element_type=\"widget\" data-widget_type=\"text-editor.default\">\n\t\t\t\t<div class=\"elementor-widget-container\">\n\t\t\t\t\t\t\t\t\t<p><span style=\"color: #e6007e;\">DUO TOUR CURATOR &amp; ARTIST\u00a0<\/span><\/p><p>THU August 15, 2024 | 7 pm<br \/>Gloria Aino Grzywatz from Berlin<br \/>Curator, art historian, author\u00a0\u00a0<br \/>Dikla Stern from Berlin, Artist<\/p><p>E-Werk, Uferstra\u00dfe 34, 99817 Eisenach<br \/>Free admission.<\/p><p>\u00a0<\/p><p><span style=\"color: #e6007e;\">CURATOR'S TOUR THROUGH THE EXHIBITION\u00a0<\/span><\/p><p>SAT September 14,  2024 | 6 pm<br \/>Gloria Aino Grzywatz from Berlin<br \/>Curator, art historian, author<br \/>E-Werk, Uferstra\u00dfe 34, 99817 Eisenach<br \/>Free admission.<\/p>\t\t\t\t\t\t\t\t<\/div>\n\t\t\t\t<\/div>\n\t\t\t\t<\/div>\n\t\t<div class=\"elementor-element elementor-element-fe3f9fe e-con-full e-flex e-con e-child\" data-id=\"fe3f9fe\" data-element_type=\"container\">\n\t\t\t\t<div class=\"elementor-element elementor-element-c82ac93 elementor-widget elementor-widget-image\" data-id=\"c82ac93\" data-element_type=\"widget\" data-widget_type=\"image.default\">\n\t\t\t\t<div class=\"elementor-widget-container\">\n\t\t\t\t\t\t\t\t\t\t\t\t\t\t\t<img decoding=\"async\" width=\"800\" height=\"534\" src=\"https:\/\/lililalaland.de\/wp-content\/uploads\/2023\/10\/einfuehrung_std-1024x683.webp\" class=\"attachment-large size-large wp-image-415\" alt=\"\" srcset=\"https:\/\/lililalaland.de\/wp-content\/uploads\/2023\/10\/einfuehrung_std-1024x683.webp 1024w, https:\/\/lililalaland.de\/wp-content\/uploads\/2023\/10\/einfuehrung_std-300x200.webp 300w, https:\/\/lililalaland.de\/wp-content\/uploads\/2023\/10\/einfuehrung_std-768x512.webp 768w, https:\/\/lililalaland.de\/wp-content\/uploads\/2023\/10\/einfuehrung_std-18x12.webp 18w, https:\/\/lililalaland.de\/wp-content\/uploads\/2023\/10\/einfuehrung_std-jpg.webp 1536w\" sizes=\"(max-width: 800px) 100vw, 800px\" \/>\t\t\t\t\t\t\t\t\t\t\t\t\t\t\t<\/div>\n\t\t\t\t<\/div>\n\t\t\t\t<\/div>\n\t\t\t\t<\/div>\n\t\t<div class=\"elementor-element elementor-element-a3adeb9 e-con-full e-flex e-con e-parent\" data-id=\"a3adeb9\" data-element_type=\"container\">\n\t\t<div class=\"elementor-element elementor-element-14ef015 e-con-full e-flex e-con e-child\" data-id=\"14ef015\" data-element_type=\"container\">\n\t\t\t\t<div class=\"elementor-element elementor-element-ae7c083 elementor-widget elementor-widget-text-editor\" data-id=\"ae7c083\" data-element_type=\"widget\" data-widget_type=\"text-editor.default\">\n\t\t\t\t<div class=\"elementor-widget-container\">\n\t\t\t\t\t\t\t\t\t<p><span style=\"color: #e6007e; line-height: 1em;\">CONCERT - FREE IMPROVISATION WITH ANALOG SYNTHESIZERS &amp; FIELD RECORD + FURTHER PIECES\u00a0<\/span><\/p><p>SAT 31 August 2024 | 7 \u2013 8:15 pm<br \/>Johann B\u00e4renklau from Leipzig<br \/>Artists and musicians<br \/>E-Werk, Uferstra\u00dfe 34, 99817 Eisenach<br \/>Free admission.<\/p>\t\t\t\t\t\t\t\t<\/div>\n\t\t\t\t<\/div>\n\t\t\t\t<\/div>\n\t\t<div class=\"elementor-element elementor-element-74519b9 e-con-full e-flex e-con e-child\" data-id=\"74519b9\" data-element_type=\"container\">\n\t\t\t\t<div class=\"elementor-element elementor-element-d299521 elementor-widget elementor-widget-image\" data-id=\"d299521\" data-element_type=\"widget\" data-widget_type=\"image.default\">\n\t\t\t\t<div class=\"elementor-widget-container\">\n\t\t\t\t\t\t\t\t\t\t\t\t\t\t\t<img decoding=\"async\" width=\"709\" height=\"531\" src=\"https:\/\/lililalaland.de\/wp-content\/uploads\/2024\/08\/Johann-Baerenklau-Foto.jpg\" class=\"attachment-large size-large wp-image-1673\" alt=\"\" srcset=\"https:\/\/lililalaland.de\/wp-content\/uploads\/2024\/08\/Johann-Baerenklau-Foto.jpg 709w, https:\/\/lililalaland.de\/wp-content\/uploads\/2024\/08\/Johann-Baerenklau-Foto-300x225.jpg 300w, https:\/\/lililalaland.de\/wp-content\/uploads\/2024\/08\/Johann-Baerenklau-Foto-16x12.jpg 16w\" sizes=\"(max-width: 709px) 100vw, 709px\" \/>\t\t\t\t\t\t\t\t\t\t\t\t\t\t\t<\/div>\n\t\t\t\t<\/div>\n\t\t\t\t<\/div>\n\t\t\t\t<\/div>\n\t\t<div class=\"elementor-element elementor-element-072c7fd e-con-full e-flex e-con e-parent\" data-id=\"072c7fd\" data-element_type=\"container\">\n\t\t<div class=\"elementor-element elementor-element-83682a7 e-con-full e-flex e-con e-child\" data-id=\"83682a7\" data-element_type=\"container\">\n\t\t\t\t<div class=\"elementor-element elementor-element-66954dc elementor-widget elementor-widget-text-editor\" data-id=\"66954dc\" data-element_type=\"widget\" data-widget_type=\"text-editor.default\">\n\t\t\t\t<div class=\"elementor-widget-container\">\n\t\t\t\t\t\t\t\t\t<p><span style=\"color: #e6007e;\">ARTIST TALK<\/span><\/p><p>SAT September 14,  2024 | 7 pm<br \/>Dikla Stern, Artist <br \/>&amp; Gloria Aino Grzywatz, Curator<br \/>E-Werk, Uferstra\u00dfe 34, 99817 Eisenach<br \/>Free admission.\u00a0<\/p>\t\t\t\t\t\t\t\t<\/div>\n\t\t\t\t<\/div>\n\t\t\t\t<\/div>\n\t\t<div class=\"elementor-element elementor-element-97f98ce e-con-full e-flex e-con e-child\" data-id=\"97f98ce\" data-element_type=\"container\">\n\t\t\t\t<div class=\"elementor-element elementor-element-4ef9e77 elementor-widget elementor-widget-image\" data-id=\"4ef9e77\" data-element_type=\"widget\" data-widget_type=\"image.default\">\n\t\t\t\t<div class=\"elementor-widget-container\">\n\t\t\t\t\t\t\t\t\t\t\t\t\t\t\t<img loading=\"lazy\" decoding=\"async\" width=\"800\" height=\"534\" src=\"https:\/\/lililalaland.de\/wp-content\/uploads\/2024\/08\/Save-the-Date-Dikla-Stern-1024x683.jpg\" class=\"attachment-large size-large wp-image-1648\" alt=\"\" srcset=\"https:\/\/lililalaland.de\/wp-content\/uploads\/2024\/08\/Save-the-Date-Dikla-Stern-1024x683.jpg 1024w, https:\/\/lililalaland.de\/wp-content\/uploads\/2024\/08\/Save-the-Date-Dikla-Stern-300x200.jpg 300w, https:\/\/lililalaland.de\/wp-content\/uploads\/2024\/08\/Save-the-Date-Dikla-Stern-768x512.jpg 768w, https:\/\/lililalaland.de\/wp-content\/uploads\/2024\/08\/Save-the-Date-Dikla-Stern-18x12.jpg 18w, https:\/\/lililalaland.de\/wp-content\/uploads\/2024\/08\/Save-the-Date-Dikla-Stern.jpg 1536w\" sizes=\"(max-width: 800px) 100vw, 800px\" \/>\t\t\t\t\t\t\t\t\t\t\t\t\t\t\t<\/div>\n\t\t\t\t<\/div>\n\t\t\t\t<\/div>\n\t\t\t\t<\/div>\n\t\t<div class=\"elementor-element elementor-element-ac51270 e-con-full e-flex e-con e-parent\" data-id=\"ac51270\" data-element_type=\"container\">\n\t\t<div class=\"elementor-element elementor-element-0a9a82d e-con-full e-flex e-con e-child\" data-id=\"0a9a82d\" data-element_type=\"container\">\n\t\t\t\t<div class=\"elementor-element elementor-element-07580b4 elementor-widget elementor-widget-text-editor\" data-id=\"07580b4\" data-element_type=\"widget\" data-widget_type=\"text-editor.default\">\n\t\t\t\t<div class=\"elementor-widget-container\">\n\t\t\t\t\t\t\t\t\t<p><span style=\"color: #e6007e;\">WORKSHOPS FOR FAMILIES&nbsp;<\/span><\/p>\n<p>SAT  31 August. 2024 | 2 \u2013 6 pm&nbsp;<br>Art Association Eisenach<br>E-Werk, Uferstra\u00dfe 34, 99817 Eisenach<br>Free admission.<\/p><p><br><\/p>\n<p><span style=\"color: #e6007e;\">WORKSHOPS &amp; CURATOR'S TOUR FOR FAMILIES<\/span><\/p>\n<p>FR September 20, 2024 | 2 \u2013 5 pm&nbsp;<br>Art Association Eisenach<br>E-Werk, Uferstra\u00dfe 34, 99817 Eisenach<br>Free admission.<\/p>\t\t\t\t\t\t\t\t<\/div>\n\t\t\t\t<\/div>\n\t\t\t\t<\/div>\n\t\t<div class=\"elementor-element elementor-element-52d574b e-con-full e-flex e-con e-child\" data-id=\"52d574b\" data-element_type=\"container\">\n\t\t\t\t<div class=\"elementor-element elementor-element-70e7364 elementor-widget elementor-widget-image\" data-id=\"70e7364\" data-element_type=\"widget\" data-widget_type=\"image.default\">\n\t\t\t\t<div class=\"elementor-widget-container\">\n\t\t\t\t\t\t\t\t\t\t\t\t\t\t\t<img loading=\"lazy\" decoding=\"async\" width=\"800\" height=\"534\" src=\"https:\/\/lililalaland.de\/wp-content\/uploads\/2024\/02\/LLL_Workshops_Web-1024x683.webp\" class=\"attachment-large size-large wp-image-915\" alt=\"\" srcset=\"https:\/\/lililalaland.de\/wp-content\/uploads\/2024\/02\/LLL_Workshops_Web-1024x683.webp 1024w, https:\/\/lililalaland.de\/wp-content\/uploads\/2024\/02\/LLL_Workshops_Web-300x200.webp 300w, https:\/\/lililalaland.de\/wp-content\/uploads\/2024\/02\/LLL_Workshops_Web-768x512.webp 768w, https:\/\/lililalaland.de\/wp-content\/uploads\/2024\/02\/LLL_Workshops_Web-18x12.webp 18w, https:\/\/lililalaland.de\/wp-content\/uploads\/2024\/02\/LLL_Workshops_Web-jpg.webp 1536w\" sizes=\"(max-width: 800px) 100vw, 800px\" \/>\t\t\t\t\t\t\t\t\t\t\t\t\t\t\t<\/div>\n\t\t\t\t<\/div>\n\t\t\t\t<\/div>\n\t\t\t\t<\/div>\n\t\t<div class=\"elementor-element elementor-element-0ac8ef9 e-con-full e-flex e-con e-parent\" data-id=\"0ac8ef9\" data-element_type=\"container\">\n\t\t<div class=\"elementor-element elementor-element-d6c61e1 e-con-full e-flex e-con e-child\" data-id=\"d6c61e1\" data-element_type=\"container\">\n\t\t\t\t<div class=\"elementor-element elementor-element-5414011 elementor-widget elementor-widget-text-editor\" data-id=\"5414011\" data-element_type=\"widget\" data-widget_type=\"text-editor.default\">\n\t\t\t\t<div class=\"elementor-widget-container\">\n\t\t\t\t\t\t\t\t\t<p><span style=\"color: #e6007e;\">WORKSHOPS FOR SCHOOL CLASSES<\/span><\/p><p>TUE \u2013 THU September 17 \u2013 19, 2024 | 9 am \u2013 1 pm<br \/>Art Association Eisenach | Alexandra Husemeyer<br \/>&amp; Thekla Bernecker<br \/>E-Werk, Uferstra\u00dfe 34, 99817 Eisenach<br \/>After consultation with Kunstverein e.V.<br \/>C: Kunstverein.eisenach@gmail.com<\/p>\t\t\t\t\t\t\t\t<\/div>\n\t\t\t\t<\/div>\n\t\t\t\t<\/div>\n\t\t<div class=\"elementor-element elementor-element-bf26a27 e-con-full e-flex e-con e-child\" data-id=\"bf26a27\" data-element_type=\"container\">\n\t\t\t\t<div class=\"elementor-element elementor-element-5b8a176 elementor-widget elementor-widget-image\" data-id=\"5b8a176\" data-element_type=\"widget\" data-widget_type=\"image.default\">\n\t\t\t\t<div class=\"elementor-widget-container\">\n\t\t\t\t\t\t\t\t\t\t\t\t\t\t\t<img loading=\"lazy\" decoding=\"async\" width=\"800\" height=\"534\" src=\"https:\/\/lililalaland.de\/wp-content\/uploads\/2024\/02\/LLL_Workshop2_Web-1024x683.webp\" class=\"attachment-large size-large wp-image-916\" alt=\"\" srcset=\"https:\/\/lililalaland.de\/wp-content\/uploads\/2024\/02\/LLL_Workshop2_Web-1024x683.webp 1024w, https:\/\/lililalaland.de\/wp-content\/uploads\/2024\/02\/LLL_Workshop2_Web-300x200.webp 300w, https:\/\/lililalaland.de\/wp-content\/uploads\/2024\/02\/LLL_Workshop2_Web-768x512.webp 768w, https:\/\/lililalaland.de\/wp-content\/uploads\/2024\/02\/LLL_Workshop2_Web-18x12.webp 18w, https:\/\/lililalaland.de\/wp-content\/uploads\/2024\/02\/LLL_Workshop2_Web-jpg.webp 1536w\" sizes=\"(max-width: 800px) 100vw, 800px\" \/>\t\t\t\t\t\t\t\t\t\t\t\t\t\t\t<\/div>\n\t\t\t\t<\/div>\n\t\t\t\t<\/div>\n\t\t\t\t<\/div>\n\t\t<div class=\"elementor-element elementor-element-70dd819 e-con-full e-flex e-con e-parent\" data-id=\"70dd819\" data-element_type=\"container\">\n\t\t<div class=\"elementor-element elementor-element-40cde88 e-con-full e-flex e-con e-child\" data-id=\"40cde88\" data-element_type=\"container\">\n\t\t\t\t<div class=\"elementor-element elementor-element-e353b3a elementor-widget elementor-widget-text-editor\" data-id=\"e353b3a\" data-element_type=\"widget\" data-widget_type=\"text-editor.default\">\n\t\t\t\t<div class=\"elementor-widget-container\">\n\t\t\t\t\t\t\t\t\t<p><span style=\"color: #e6007e;\">ACHAVA-FESTIVAL THURINGIA 2024<br \/>Weimar, Erfurt, Gotha, Eisenach<br \/>September 8 \u2013 22, 2024\u00a0<\/span><\/p><p>Eisenach: September 15 \u2013 22, 2024<br \/>Art Association Eisenach<br \/>Free admission.<\/p>\t\t\t\t\t\t\t\t<\/div>\n\t\t\t\t<\/div>\n\t\t\t\t<\/div>\n\t\t<div class=\"elementor-element elementor-element-7fbf57b e-con-full e-flex e-con e-child\" data-id=\"7fbf57b\" data-element_type=\"container\">\n\t\t\t\t<div class=\"elementor-element elementor-element-d56cc29 elementor-widget elementor-widget-image\" data-id=\"d56cc29\" data-element_type=\"widget\" data-widget_type=\"image.default\">\n\t\t\t\t<div class=\"elementor-widget-container\">\n\t\t\t\t\t\t\t\t\t\t\t\t\t\t\t<img loading=\"lazy\" decoding=\"async\" width=\"800\" height=\"534\" src=\"https:\/\/lililalaland.de\/wp-content\/uploads\/2023\/10\/achava_std-1024x683.webp\" class=\"attachment-large size-large wp-image-414\" alt=\"\" srcset=\"https:\/\/lililalaland.de\/wp-content\/uploads\/2023\/10\/achava_std-1024x683.webp 1024w, https:\/\/lililalaland.de\/wp-content\/uploads\/2023\/10\/achava_std-300x200.webp 300w, https:\/\/lililalaland.de\/wp-content\/uploads\/2023\/10\/achava_std-768x512.webp 768w, https:\/\/lililalaland.de\/wp-content\/uploads\/2023\/10\/achava_std-18x12.webp 18w, https:\/\/lililalaland.de\/wp-content\/uploads\/2023\/10\/achava_std-jpg.webp 1536w\" sizes=\"(max-width: 800px) 100vw, 800px\" \/>\t\t\t\t\t\t\t\t\t\t\t\t\t\t\t<\/div>\n\t\t\t\t<\/div>\n\t\t\t\t<\/div>\n\t\t\t\t<\/div>\n\t\t\t\t<\/div>","protected":false},"excerpt":{"rendered":"<p>SAVE THE DATE AUSSTELLUNG LILILALALALND Fr., 16. Aug. \u2013 So., 22. Sep. 2024\u00a0 \u00d6ffnungszeiten: Do. \u2013 So. | 10 bis 18 Uhr\u00a0E-Werk, Uferstra\u00dfe 34, 99817 EisenachEintritt frei. \u00a0 VERNISSAGE\u00a0 Dikla Stern, K\u00fcnstlerin aus BerlinDo., 15. Aug. 2024 | 18 Uhr Mit anschlie\u00dfender F\u00fchrung durch die Ausstellung mit Kuratorin und K\u00fcnstlerinE-Werk, Uferstra\u00dfe 34, 99817 EisenachEintritt frei.\u00a0 [&hellip;]<\/p>","protected":false},"author":1,"featured_media":0,"parent":0,"menu_order":0,"comment_status":"closed","ping_status":"closed","template":"","meta":{"footnotes":""},"class_list":["post-222","page","type-page","status-publish","hentry"],"_links":{"self":[{"href":"https:\/\/lililalaland.de\/en\/wp-json\/wp\/v2\/pages\/222","targetHints":{"allow":["GET"]}}],"collection":[{"href":"https:\/\/lililalaland.de\/en\/wp-json\/wp\/v2\/pages"}],"about":[{"href":"https:\/\/lililalaland.de\/en\/wp-json\/wp\/v2\/types\/page"}],"author":[{"embeddable":true,"href":"https:\/\/lililalaland.de\/en\/wp-json\/wp\/v2\/users\/1"}],"replies":[{"embeddable":true,"href":"https:\/\/lililalaland.de\/en\/wp-json\/wp\/v2\/comments?post=222"}],"version-history":[{"count":181,"href":"https:\/\/lililalaland.de\/en\/wp-json\/wp\/v2\/pages\/222\/revisions"}],"predecessor-version":[{"id":1683,"href":"https:\/\/lililalaland.de\/en\/wp-json\/wp\/v2\/pages\/222\/revisions\/1683"}],"wp:attachment":[{"href":"https:\/\/lililalaland.de\/en\/wp-json\/wp\/v2\/media?parent=222"}],"curies":[{"name":"wp","href":"https:\/\/api.w.org\/{rel}","templated":true}]}}