{"id":1442,"date":"2024-08-08T17:38:49","date_gmt":"2024-08-08T15:38:49","guid":{"rendered":"https:\/\/lililalaland.de\/?page_id=1442"},"modified":"2025-11-25T14:48:52","modified_gmt":"2025-11-25T13:48:52","slug":"shop","status":"publish","type":"page","link":"https:\/\/lililalaland.de\/en\/shop\/","title":{"rendered":"Shop"},"content":{"rendered":"<div data-elementor-type=\"wp-page\" data-elementor-id=\"1442\" class=\"elementor elementor-1442\" data-elementor-post-type=\"page\">\n\t\t\t\t<div class=\"elementor-element elementor-element-f5706e2 e-con-full e-flex e-con e-parent\" data-id=\"f5706e2\" data-element_type=\"container\">\n\t\t\t\t<div class=\"elementor-element elementor-element-2ef76ff elementor-widget elementor-widget-heading\" data-id=\"2ef76ff\" data-element_type=\"widget\" data-widget_type=\"heading.default\">\n\t\t\t\t<div class=\"elementor-widget-container\">\n\t\t\t\t\t<h2 class=\"elementor-heading-title elementor-size-default\">Book edition \n<\/h2>\t\t\t\t<\/div>\n\t\t\t\t<\/div>\n\t\t\t\t<\/div>\n\t\t<div class=\"elementor-element elementor-element-6d07f1d e-con-full e-flex e-con e-parent\" data-id=\"6d07f1d\" data-element_type=\"container\" data-settings=\"{&quot;background_background&quot;:&quot;slideshow&quot;,&quot;background_slideshow_slide_duration&quot;:3000,&quot;background_slideshow_gallery&quot;:[],&quot;background_slideshow_loop&quot;:&quot;yes&quot;,&quot;background_slideshow_slide_transition&quot;:&quot;fade&quot;,&quot;background_slideshow_transition_duration&quot;:500}\">\n\t\t\t\t<div class=\"elementor-element elementor-element-0475c84 elementor-arrows-position-inside elementor-pagination-position-outside elementor-widget elementor-widget-image-carousel\" data-id=\"0475c84\" data-element_type=\"widget\" data-settings=\"{&quot;slides_to_show&quot;:&quot;1&quot;,&quot;autoplay_speed&quot;:3000,&quot;navigation&quot;:&quot;both&quot;,&quot;autoplay&quot;:&quot;yes&quot;,&quot;pause_on_hover&quot;:&quot;yes&quot;,&quot;pause_on_interaction&quot;:&quot;yes&quot;,&quot;infinite&quot;:&quot;yes&quot;,&quot;effect&quot;:&quot;slide&quot;,&quot;speed&quot;:500}\" data-widget_type=\"image-carousel.default\">\n\t\t\t\t<div class=\"elementor-widget-container\">\n\t\t\t\t\t\t\t<div class=\"elementor-image-carousel-wrapper swiper\" role=\"region\" aria-roledescription=\"carousel\" aria-label=\"Bild Karussell\" dir=\"ltr\">\n\t\t\t<div class=\"elementor-image-carousel swiper-wrapper swiper-image-stretch\" aria-live=\"off\">\n\t\t\t\t\t\t\t\t<div class=\"swiper-slide\" role=\"group\" aria-roledescription=\"slide\" aria-label=\"1 of 6\"><figure class=\"swiper-slide-inner\"><img decoding=\"async\" class=\"swiper-slide-image\" src=\"https:\/\/lililalaland.de\/wp-content\/uploads\/2024\/08\/01-Karussell.jpg\" alt=\"01 Karussell\" \/><\/figure><\/div><div class=\"swiper-slide\" role=\"group\" aria-roledescription=\"slide\" aria-label=\"2 of 6\"><figure class=\"swiper-slide-inner\"><img decoding=\"async\" class=\"swiper-slide-image\" src=\"https:\/\/lililalaland.de\/wp-content\/uploads\/2024\/08\/02-Karussell.jpg\" alt=\"02 Karussell\" \/><\/figure><\/div><div class=\"swiper-slide\" role=\"group\" aria-roledescription=\"slide\" aria-label=\"3 of 6\"><figure class=\"swiper-slide-inner\"><img decoding=\"async\" class=\"swiper-slide-image\" src=\"https:\/\/lililalaland.de\/wp-content\/uploads\/2024\/08\/il_794xN.6189051284_qjd2.webp\" alt=\"il_794xN.6189051284_qjd2\" \/><\/figure><\/div><div class=\"swiper-slide\" role=\"group\" aria-roledescription=\"slide\" aria-label=\"4 of 6\"><figure class=\"swiper-slide-inner\"><img decoding=\"async\" class=\"swiper-slide-image\" src=\"https:\/\/lililalaland.de\/wp-content\/uploads\/2024\/08\/03-Karussell.jpg\" alt=\"03 Karussell\" \/><\/figure><\/div><div class=\"swiper-slide\" role=\"group\" aria-roledescription=\"slide\" aria-label=\"5 of 6\"><figure class=\"swiper-slide-inner\"><img decoding=\"async\" class=\"swiper-slide-image\" src=\"https:\/\/lililalaland.de\/wp-content\/uploads\/2024\/08\/04-Karussell.jpg\" alt=\"04 Karussell\" \/><\/figure><\/div><div class=\"swiper-slide\" role=\"group\" aria-roledescription=\"slide\" aria-label=\"6 of 6\"><figure class=\"swiper-slide-inner\"><img decoding=\"async\" class=\"swiper-slide-image\" src=\"https:\/\/lililalaland.de\/wp-content\/uploads\/2024\/08\/05-Karussell.jpg\" alt=\"05 Karussell\" \/><\/figure><\/div>\t\t\t<\/div>\n\t\t\t\t\t\t\t\t\t\t\t\t<div class=\"elementor-swiper-button elementor-swiper-button-prev\" role=\"button\" tabindex=\"0\">\n\t\t\t\t\t\t<i aria-hidden=\"true\" class=\"eicon-chevron-left\"><\/i>\t\t\t\t\t<\/div>\n\t\t\t\t\t<div class=\"elementor-swiper-button elementor-swiper-button-next\" role=\"button\" tabindex=\"0\">\n\t\t\t\t\t\t<i aria-hidden=\"true\" class=\"eicon-chevron-right\"><\/i>\t\t\t\t\t<\/div>\n\t\t\t\t\n\t\t\t\t\t\t\t\t\t<div class=\"swiper-pagination\"><\/div>\n\t\t\t\t\t\t\t\t\t<\/div>\n\t\t\t\t\t\t<\/div>\n\t\t\t\t<\/div>\n\t\t\t\t<\/div>\n\t\t<div class=\"elementor-element elementor-element-96c37e8 e-con-full e-flex e-con e-parent\" data-id=\"96c37e8\" data-element_type=\"container\">\n\t\t<div class=\"elementor-element elementor-element-a72bb11 e-con-full e-flex e-con e-child\" data-id=\"a72bb11\" data-element_type=\"container\">\n\t\t<div class=\"elementor-element elementor-element-a4edb72 e-con-full e-flex e-con e-child\" data-id=\"a4edb72\" data-element_type=\"container\">\n\t\t\t\t<div class=\"elementor-element elementor-element-aaaebb5 elementor-widget__width-initial elementor-absolute elementor-widget elementor-widget-image\" data-id=\"aaaebb5\" data-element_type=\"widget\" data-settings=\"{&quot;_position&quot;:&quot;absolute&quot;}\" data-widget_type=\"image.default\">\n\t\t\t\t<div class=\"elementor-widget-container\">\n\t\t\t\t\t\t\t\t\t\t\t\t\t\t\t<img fetchpriority=\"high\" decoding=\"async\" width=\"970\" height=\"1356\" src=\"https:\/\/lililalaland.de\/wp-content\/uploads\/2025\/11\/Out-of-pirnt-LLL.jpg\" class=\"attachment-full size-full wp-image-1976\" alt=\"\" srcset=\"https:\/\/lililalaland.de\/wp-content\/uploads\/2025\/11\/Out-of-pirnt-LLL.jpg 970w, https:\/\/lililalaland.de\/wp-content\/uploads\/2025\/11\/Out-of-pirnt-LLL-215x300.jpg 215w, https:\/\/lililalaland.de\/wp-content\/uploads\/2025\/11\/Out-of-pirnt-LLL-733x1024.jpg 733w, https:\/\/lililalaland.de\/wp-content\/uploads\/2025\/11\/Out-of-pirnt-LLL-768x1074.jpg 768w, https:\/\/lililalaland.de\/wp-content\/uploads\/2025\/11\/Out-of-pirnt-LLL-9x12.jpg 9w\" sizes=\"(max-width: 970px) 100vw, 970px\" \/>\t\t\t\t\t\t\t\t\t\t\t\t\t\t\t<\/div>\n\t\t\t\t<\/div>\n\t\t\t\t<\/div>\n\t\t<div class=\"elementor-element elementor-element-1d7f9c2 e-con-full e-flex e-con e-child\" data-id=\"1d7f9c2\" data-element_type=\"container\">\n\t\t\t\t<div class=\"elementor-element elementor-element-ad98023 elementor-widget elementor-widget-text-editor\" data-id=\"ad98023\" data-element_type=\"widget\" data-widget_type=\"text-editor.default\">\n\t\t\t\t<div class=\"elementor-widget-container\">\n\t\t\t\t\t\t\t\t\t<p>DIKLA STERN &#8211; LILILALALAND\u00a0 2024 (DE\/EN)<br \/>Ausstellungskatalog\u00a0<br \/>Lim. Edition 75<\/p>\t\t\t\t\t\t\t\t<\/div>\n\t\t\t\t<\/div>\n\t\t\t\t<div class=\"elementor-element elementor-element-066cbd6 elementor-widget elementor-widget-text-editor\" data-id=\"066cbd6\" data-element_type=\"widget\" data-widget_type=\"text-editor.default\">\n\t\t\t\t<div class=\"elementor-widget-container\">\n\t\t\t\t\t\t\t\t\t<p class=\"translation-block\">The works of artist Dikla Stern are dedicated to the complex, deeper realities of our existence and offer a sharper examination of the intricacies of things. With wit and irony, they address a range of issues and thematic complexities that permeate our everyday lives, including interpersonal relationships and social taboos.\n\nThey are characterized by a critical attitude towards cultural conventions, political developments, and social injustices. Their works invite us not only to immerse ourselves in global events, but also form a counterpart that urges us to reflect on the world and the self embedded in it.<\/p>\t\t\t\t\t\t\t\t<\/div>\n\t\t\t\t<\/div>\n\t\t\t\t<\/div>\n\t\t\t\t<\/div>\n\t\t<div class=\"elementor-element elementor-element-fb48fb7 e-grid e-con-boxed e-con e-child\" data-id=\"fb48fb7\" data-element_type=\"container\">\n\t\t\t\t\t<div class=\"e-con-inner\">\n\t\t\t\t<div class=\"elementor-element elementor-element-264afac elementor-widget__width-initial elementor-widget elementor-widget-text-editor\" data-id=\"264afac\" data-element_type=\"widget\" data-widget_type=\"text-editor.default\">\n\t\t\t\t<div class=\"elementor-widget-container\">\n\t\t\t\t\t\t\t\t\t<p>Author(s)\u00a0<br \/>Size\u00a0<br \/>Pages\u00a0<br \/>Illustrations<br \/>Language<br \/>Edition<br \/>Publisher\u00a0<\/p>\t\t\t\t\t\t\t\t<\/div>\n\t\t\t\t<\/div>\n\t\t\t\t<div class=\"elementor-element elementor-element-a0f8228 elementor-widget__width-initial elementor-widget elementor-widget-text-editor\" data-id=\"a0f8228\" data-element_type=\"widget\" data-widget_type=\"text-editor.default\">\n\t\t\t\t<div class=\"elementor-widget-container\">\n\t\t\t\t\t\t\t\t\t<p>Gloria Aino Grzywatz, Anemone Vostell, Dikla Stern<br \/>7,08 x 9,84 in<br \/>70<br \/>42<br \/>German, English<br \/>75 \/ limited Edition\u00a0<br \/>Political Satirical Pop Art, 2024<\/p>\t\t\t\t\t\t\t\t<\/div>\n\t\t\t\t<\/div>\n\t\t\t\t<div class=\"elementor-element elementor-element-44d6bc0 elementor-widget elementor-widget-button\" data-id=\"44d6bc0\" data-element_type=\"widget\" data-widget_type=\"button.default\">\n\t\t\t\t<div class=\"elementor-widget-container\">\n\t\t\t\t\t\t\t\t\t<div class=\"elementor-button-wrapper\">\n\t\t\t\t\t<a class=\"elementor-button elementor-button-link elementor-size-sm\" href=\"https:\/\/shorturl.at\/JRrRD\">\n\t\t\t\t\t\t<span class=\"elementor-button-content-wrapper\">\n\t\t\t\t\t\t\t\t\t<span class=\"elementor-button-text\">Purchase<\/span>\n\t\t\t\t\t<\/span>\n\t\t\t\t\t<\/a>\n\t\t\t\t<\/div>\n\t\t\t\t\t\t\t\t<\/div>\n\t\t\t\t<\/div>\n\t\t\t\t\t<\/div>\n\t\t\t\t<\/div>\n\t\t\t\t<div class=\"elementor-element elementor-element-0ba0cdf elementor-widget-divider--view-line elementor-widget elementor-widget-divider\" data-id=\"0ba0cdf\" data-element_type=\"widget\" data-widget_type=\"divider.default\">\n\t\t\t\t<div class=\"elementor-widget-container\">\n\t\t\t\t\t\t\t<div class=\"elementor-divider\">\n\t\t\t<span class=\"elementor-divider-separator\">\n\t\t\t\t\t\t<\/span>\n\t\t<\/div>\n\t\t\t\t\t\t<\/div>\n\t\t\t\t<\/div>\n\t\t<div class=\"elementor-element elementor-element-8a684e3 e-con-full e-flex e-con e-child\" data-id=\"8a684e3\" data-element_type=\"container\">\n\t\t<div class=\"elementor-element elementor-element-e3682f2 e-con-full e-flex e-con e-child\" data-id=\"e3682f2\" data-element_type=\"container\">\n\t\t\t\t<div class=\"elementor-element elementor-element-4244e45 elementor-widget__width-initial elementor-absolute elementor-widget elementor-widget-image\" data-id=\"4244e45\" data-element_type=\"widget\" data-settings=\"{&quot;_position&quot;:&quot;absolute&quot;}\" data-widget_type=\"image.default\">\n\t\t\t\t<div class=\"elementor-widget-container\">\n\t\t\t\t\t\t\t\t\t\t\t\t\t\t\t<img decoding=\"async\" width=\"970\" height=\"1356\" src=\"https:\/\/lililalaland.de\/wp-content\/uploads\/2025\/05\/HP-DS-LLL-Ebook-Foto.jpg\" class=\"attachment-full size-full wp-image-1934\" alt=\"\" srcset=\"https:\/\/lililalaland.de\/wp-content\/uploads\/2025\/05\/HP-DS-LLL-Ebook-Foto.jpg 970w, https:\/\/lililalaland.de\/wp-content\/uploads\/2025\/05\/HP-DS-LLL-Ebook-Foto-215x300.jpg 215w, https:\/\/lililalaland.de\/wp-content\/uploads\/2025\/05\/HP-DS-LLL-Ebook-Foto-733x1024.jpg 733w, https:\/\/lililalaland.de\/wp-content\/uploads\/2025\/05\/HP-DS-LLL-Ebook-Foto-768x1074.jpg 768w, https:\/\/lililalaland.de\/wp-content\/uploads\/2025\/05\/HP-DS-LLL-Ebook-Foto-9x12.jpg 9w\" sizes=\"(max-width: 970px) 100vw, 970px\" \/>\t\t\t\t\t\t\t\t\t\t\t\t\t\t\t<\/div>\n\t\t\t\t<\/div>\n\t\t\t\t<\/div>\n\t\t<div class=\"elementor-element elementor-element-ddd740f e-con-full e-flex e-con e-child\" data-id=\"ddd740f\" data-element_type=\"container\">\n\t\t\t\t<div class=\"elementor-element elementor-element-7a633dc elementor-widget elementor-widget-text-editor\" data-id=\"7a633dc\" data-element_type=\"widget\" data-widget_type=\"text-editor.default\">\n\t\t\t\t<div class=\"elementor-widget-container\">\n\t\t\t\t\t\t\t\t\tDIKLA STERN - LILILALALAND | 2. Edition (DE\/EN)\neBook Kindle \u2013 Exhibition Catalogue +<br> Exhibition Catalogue +\t\t\t\t\t\t\t\t<\/div>\n\t\t\t\t<\/div>\n\t\t\t\t<div class=\"elementor-element elementor-element-1a06b97 elementor-widget elementor-widget-text-editor\" data-id=\"1a06b97\" data-element_type=\"widget\" data-widget_type=\"text-editor.default\">\n\t\t\t\t<div class=\"elementor-widget-container\">\n\t\t\t\t\t\t\t\t\t<p>The bilingual catalogue of works \u201cLILILALALAND\u201d offers a comprehensive insight into the artistic work of Dikla Stern. In her political and satirical pop art, Dikla Stern confronts social norms, cultural taboos, and interpersonal dynamics \u2014 precisely, provocatively, with ironic reflection. These dynamics are sharpened, broken with irony in large-format acrylic paintings, caricatures, and word-image installations.<\/p><p>This revised and expanded digital e-book edition supplements the limited print edition (Edition 75, published in 2024) with additional illustrations, close-ups, or updated design. The catalogue comprises 80 pages, 52 of which are colour illustrations\/photographs, with precise descriptions of the images by Anemone Vostell, and an introduction by Gloria Aino Grzywatz.<\/p>\t\t\t\t\t\t\t\t<\/div>\n\t\t\t\t<\/div>\n\t\t\t\t<\/div>\n\t\t\t\t<\/div>\n\t\t\t\t<\/div>\n\t\t<div class=\"elementor-element elementor-element-870027e e-flex e-con-boxed e-con e-parent\" data-id=\"870027e\" data-element_type=\"container\">\n\t\t\t\t\t<div class=\"e-con-inner\">\n\t\t\t\t<div class=\"elementor-element elementor-element-7bef721 elementor-widget-divider--view-line elementor-widget elementor-widget-divider\" data-id=\"7bef721\" data-element_type=\"widget\" data-widget_type=\"divider.default\">\n\t\t\t\t<div class=\"elementor-widget-container\">\n\t\t\t\t\t\t\t<div class=\"elementor-divider\">\n\t\t\t<span class=\"elementor-divider-separator\">\n\t\t\t\t\t\t<\/span>\n\t\t<\/div>\n\t\t\t\t\t\t<\/div>\n\t\t\t\t<\/div>\n\t\t<div class=\"elementor-element elementor-element-53cafbc e-grid e-con-full e-con e-child\" data-id=\"53cafbc\" data-element_type=\"container\">\n\t\t\t\t<div class=\"elementor-element elementor-element-7dd81cc elementor-widget elementor-widget-text-editor\" data-id=\"7dd81cc\" data-element_type=\"widget\" data-widget_type=\"text-editor.default\">\n\t\t\t\t<div class=\"elementor-widget-container\">\n\t\t\t\t\t\t\t\t\t<p>Author(s)\u00a0<br \/>File Size\u00a0<br \/>Pages\u00a0<br \/>Illustrations\u00a0<br \/>Language\u00a0<br \/>Edition\u00a0<br \/>Publisher\u00a0<\/p>\t\t\t\t\t\t\t\t<\/div>\n\t\t\t\t<\/div>\n\t\t\t\t<div class=\"elementor-element elementor-element-32cb310 elementor-widget elementor-widget-text-editor\" data-id=\"32cb310\" data-element_type=\"widget\" data-widget_type=\"text-editor.default\">\n\t\t\t\t<div class=\"elementor-widget-container\">\n\t\t\t\t\t\t\t\t\t<p>Gloria Aino Grzywatz, Anemone Vostell, Dikla Stern<br \/>19.5 MB<br \/>80<br \/>52<br \/>German, English<br \/>eBook Kindle, Zweite Auflage\u00a0<br \/>Political Satirical Pop Art, 2025<\/p>\t\t\t\t\t\t\t\t<\/div>\n\t\t\t\t<\/div>\n\t\t\t\t<\/div>\n\t\t\t\t<div class=\"elementor-element elementor-element-507cbc6 elementor-widget elementor-widget-button\" data-id=\"507cbc6\" data-element_type=\"widget\" data-widget_type=\"button.default\">\n\t\t\t\t<div class=\"elementor-widget-container\">\n\t\t\t\t\t\t\t\t\t<div class=\"elementor-button-wrapper\">\n\t\t\t\t\t<a class=\"elementor-button elementor-button-link elementor-size-sm\" href=\"https:\/\/shorturl.at\/UdIa7\">\n\t\t\t\t\t\t<span class=\"elementor-button-content-wrapper\">\n\t\t\t\t\t\t\t\t\t<span class=\"elementor-button-text\">Purchase<\/span>\n\t\t\t\t\t<\/span>\n\t\t\t\t\t<\/a>\n\t\t\t\t<\/div>\n\t\t\t\t\t\t\t\t<\/div>\n\t\t\t\t<\/div>\n\t\t\t\t\t<\/div>\n\t\t\t\t<\/div>\n\t\t\t\t<\/div>","protected":false},"excerpt":{"rendered":"<p>Buch-Edition DIKLA STERN &#8211; LILILALALAND\u00a0 2024 (DE\/EN)Ausstellungskatalog\u00a0Lim. Edition 75 Die Arbeiten der K\u00fcnstlerin Dikla Stern widmen sich den schwierigen, tiefergehenden Kausalit\u00e4ten unseres Seins und werfen einen gesch\u00e4rften Blick auf die Komplexit\u00e4t der Dinge. Mit Witz und Ironie greifen sie eine Vielzahl von Fragestellungen und Themenkomplexen auf, die tief in unse\u00adren Alltag dringen, beispielsweise zwischenmenschliche Beziehungen [&hellip;]<\/p>","protected":false},"author":1,"featured_media":0,"parent":0,"menu_order":0,"comment_status":"closed","ping_status":"closed","template":"","meta":{"footnotes":""},"class_list":["post-1442","page","type-page","status-publish","hentry"],"_links":{"self":[{"href":"https:\/\/lililalaland.de\/en\/wp-json\/wp\/v2\/pages\/1442","targetHints":{"allow":["GET"]}}],"collection":[{"href":"https:\/\/lililalaland.de\/en\/wp-json\/wp\/v2\/pages"}],"about":[{"href":"https:\/\/lililalaland.de\/en\/wp-json\/wp\/v2\/types\/page"}],"author":[{"embeddable":true,"href":"https:\/\/lililalaland.de\/en\/wp-json\/wp\/v2\/users\/1"}],"replies":[{"embeddable":true,"href":"https:\/\/lililalaland.de\/en\/wp-json\/wp\/v2\/comments?post=1442"}],"version-history":[{"count":208,"href":"https:\/\/lililalaland.de\/en\/wp-json\/wp\/v2\/pages\/1442\/revisions"}],"predecessor-version":[{"id":1980,"href":"https:\/\/lililalaland.de\/en\/wp-json\/wp\/v2\/pages\/1442\/revisions\/1980"}],"wp:attachment":[{"href":"https:\/\/lililalaland.de\/en\/wp-json\/wp\/v2\/media?parent=1442"}],"curies":[{"name":"wp","href":"https:\/\/api.w.org\/{rel}","templated":true}]}}